 {"id":6202,"date":"2020-12-09T13:29:33","date_gmt":"2020-12-09T13:29:33","guid":{"rendered":"https:\/\/www.burgmachinefabriek.nl\/support\/"},"modified":"2022-06-30T08:58:57","modified_gmt":"2022-06-30T08:58:57","slug":"support","status":"publish","type":"page","link":"https:\/\/www.burgmachinefabriek.nl\/de\/support\/","title":{"rendered":"Support"},"content":{"rendered":"<p>&nbsp;<\/p>\n<div class=\"fusion-panel panel-default\">\n<h2>BURG STEHT F\u00dcR DEN DIREKTEN SERVICE AM MENSCHEN IN DER PRAXIS<\/h2>\n<p>&nbsp;<\/p>\n<p><strong>Services<\/strong><\/p>\n<ul>\n<li>Planung der vorbeugenden Instandhaltung<\/li>\n<li>Verkauf von Ersatzteilen<\/li>\n<li>Fernunterst\u00fctzung \u00fcber Telefon oder Modem<\/li>\n<li>Unterst\u00fctzung \u00fcber Whatsapp w\u00e4hrend der B\u00fcrozeiten<\/li>\n<li>Eigener Service, der innerhalb von 3 Stunden vor Ort sein kann (innerhalb der Niederlande)<\/li>\n<\/ul>\n<p>&nbsp;<\/p>\n<p>&nbsp;<\/p>\n<h4><strong>Scrollen Sie nach unten f\u00fcr Kontakte und Verf\u00fcgbarkeit<\/strong><\/h4>\n<\/div>\n<h5 id=\"5a01e89cc15dc5794\" class=\"panel-collapse collapse in\" style=\"text-align: left;\"><\/h5>\n<div class=\"fusion-panel panel-default\">\n<div class=\"panel-heading\">\n<div class=\"fusion-toggle-icon-wrapper\"><\/div>\n<h4 class=\"panel-title toggle\" data-fontsize=\"14\" data-lineheight=\"20\"><\/h4>\n<\/div>\n<\/div>\n","protected":false},"excerpt":{"rendered":"<p>&nbsp; BURG STEHT F\u00dcR DEN DIREKTEN SERVICE AM MENSCHEN IN DER PRAXIS &nbsp; Services Planung der vorbeugenden Instandhaltung Verkauf von Ersatzteilen Fernunterst\u00fctzung \u00fcber Telefon oder Modem Unterst\u00fctzung \u00fcber Whatsapp w\u00e4hrend der B\u00fcrozeiten Eigener Service, der innerhalb von 3 Stunden vor Ort sein kann (innerhalb der Niederlande) &nbsp; &nbsp; Scrollen Sie nach unten f\u00fcr Kontakte und [&hellip;]<\/p>\n","protected":false},"author":1,"featured_media":15015,"parent":0,"menu_order":3,"comment_status":"closed","ping_status":"closed","template":"","meta":{"_acf_changed":false,"footnotes":""},"class_list":["post-6202","page","type-page","status-publish","has-post-thumbnail","hentry"],"acf":[],"yoast_head":"<!-- This site is optimized with the Yoast SEO plugin v23.7 - https:\/\/yoast.com\/wordpress\/plugins\/seo\/ -->\n<title>Support - Burg Machinery<\/title>\n<meta name=\"robots\" content=\"index, follow, max-snippet:-1, max-image-preview:large, max-video-preview:-1\" \/>\n<link rel=\"canonical\" href=\"https:\/\/www.burgmachinefabriek.nl\/de\/support\/\" \/>\n<meta property=\"og:locale\" content=\"de_DE\" \/>\n<meta property=\"og:type\" content=\"article\" \/>\n<meta property=\"og:title\" content=\"Support - Burg Machinery\" \/>\n<meta property=\"og:description\" content=\"&nbsp; BURG STEHT F\u00dcR DEN DIREKTEN SERVICE AM MENSCHEN IN DER PRAXIS &nbsp; Services Planung der vorbeugenden Instandhaltung Verkauf von Ersatzteilen Fernunterst\u00fctzung \u00fcber Telefon oder Modem Unterst\u00fctzung \u00fcber Whatsapp w\u00e4hrend der B\u00fcrozeiten Eigener Service, der innerhalb von 3 Stunden vor Ort sein kann (innerhalb der Niederlande) &nbsp; &nbsp; Scrollen Sie nach unten f\u00fcr Kontakte und [&hellip;]\" \/>\n<meta property=\"og:url\" content=\"https:\/\/www.burgmachinefabriek.nl\/de\/support\/\" \/>\n<meta property=\"og:site_name\" content=\"Burg Machinery\" \/>\n<meta property=\"article:modified_time\" content=\"2022-06-30T08:58:57+00:00\" \/>\n<meta property=\"og:image\" content=\"https:\/\/www.burgmachinefabriek.nl\/wp-content\/uploads\/2022\/05\/DSF9121.jpg\" \/>\n\t<meta property=\"og:image:width\" content=\"1920\" \/>\n\t<meta property=\"og:image:height\" content=\"1280\" \/>\n\t<meta property=\"og:image:type\" content=\"image\/jpeg\" \/>\n<meta name=\"twitter:card\" content=\"summary_large_image\" \/>\n<script type=\"application\/ld+json\" class=\"yoast-schema-graph\">{\"@context\":\"https:\/\/schema.org\",\"@graph\":[{\"@type\":\"WebPage\",\"@id\":\"https:\/\/www.burgmachinefabriek.nl\/de\/support\/\",\"url\":\"https:\/\/www.burgmachinefabriek.nl\/de\/support\/\",\"name\":\"Support - Burg Machinery\",\"isPartOf\":{\"@id\":\"https:\/\/www.burgmachinefabriek.nl\/de\/#website\"},\"primaryImageOfPage\":{\"@id\":\"https:\/\/www.burgmachinefabriek.nl\/de\/support\/#primaryimage\"},\"image\":{\"@id\":\"https:\/\/www.burgmachinefabriek.nl\/de\/support\/#primaryimage\"},\"thumbnailUrl\":\"https:\/\/www.burgmachinefabriek.nl\/wp-content\/uploads\/2022\/05\/DSF9121.jpg\",\"datePublished\":\"2020-12-09T13:29:33+00:00\",\"dateModified\":\"2022-06-30T08:58:57+00:00\",\"breadcrumb\":{\"@id\":\"https:\/\/www.burgmachinefabriek.nl\/de\/support\/#breadcrumb\"},\"inLanguage\":\"de\",\"potentialAction\":[{\"@type\":\"ReadAction\",\"target\":[\"https:\/\/www.burgmachinefabriek.nl\/de\/support\/\"]}]},{\"@type\":\"ImageObject\",\"inLanguage\":\"de\",\"@id\":\"https:\/\/www.burgmachinefabriek.nl\/de\/support\/#primaryimage\",\"url\":\"https:\/\/www.burgmachinefabriek.nl\/wp-content\/uploads\/2022\/05\/DSF9121.jpg\",\"contentUrl\":\"https:\/\/www.burgmachinefabriek.nl\/wp-content\/uploads\/2022\/05\/DSF9121.jpg\",\"width\":1920,\"height\":1280},{\"@type\":\"BreadcrumbList\",\"@id\":\"https:\/\/www.burgmachinefabriek.nl\/de\/support\/#breadcrumb\",\"itemListElement\":[{\"@type\":\"ListItem\",\"position\":1,\"name\":\"Home\",\"item\":\"https:\/\/www.burgmachinefabriek.nl\/de\/\"},{\"@type\":\"ListItem\",\"position\":2,\"name\":\"Support\"}]},{\"@type\":\"WebSite\",\"@id\":\"https:\/\/www.burgmachinefabriek.nl\/de\/#website\",\"url\":\"https:\/\/www.burgmachinefabriek.nl\/de\/\",\"name\":\"Burg Machinery\",\"description\":\"\",\"potentialAction\":[{\"@type\":\"SearchAction\",\"target\":{\"@type\":\"EntryPoint\",\"urlTemplate\":\"https:\/\/www.burgmachinefabriek.nl\/de\/?s={search_term_string}\"},\"query-input\":{\"@type\":\"PropertyValueSpecification\",\"valueRequired\":true,\"valueName\":\"search_term_string\"}}],\"inLanguage\":\"de\"}]}<\/script>\n<!-- \/ Yoast SEO plugin. -->","yoast_head_json":{"title":"Support - Burg Machinery","robots":{"index":"index","follow":"follow","max-snippet":"max-snippet:-1","max-image-preview":"max-image-preview:large","max-video-preview":"max-video-preview:-1"},"canonical":"https:\/\/www.burgmachinefabriek.nl\/de\/support\/","og_locale":"de_DE","og_type":"article","og_title":"Support - Burg Machinery","og_description":"&nbsp; BURG STEHT F\u00dcR DEN DIREKTEN SERVICE AM MENSCHEN IN DER PRAXIS &nbsp; Services Planung der vorbeugenden Instandhaltung Verkauf von Ersatzteilen Fernunterst\u00fctzung \u00fcber Telefon oder Modem Unterst\u00fctzung \u00fcber Whatsapp w\u00e4hrend der B\u00fcrozeiten Eigener Service, der innerhalb von 3 Stunden vor Ort sein kann (innerhalb der Niederlande) &nbsp; &nbsp; Scrollen Sie nach unten f\u00fcr Kontakte und [&hellip;]","og_url":"https:\/\/www.burgmachinefabriek.nl\/de\/support\/","og_site_name":"Burg Machinery","article_modified_time":"2022-06-30T08:58:57+00:00","og_image":[{"width":1920,"height":1280,"url":"https:\/\/www.burgmachinefabriek.nl\/wp-content\/uploads\/2022\/05\/DSF9121.jpg","type":"image\/jpeg"}],"twitter_card":"summary_large_image","schema":{"@context":"https:\/\/schema.org","@graph":[{"@type":"WebPage","@id":"https:\/\/www.burgmachinefabriek.nl\/de\/support\/","url":"https:\/\/www.burgmachinefabriek.nl\/de\/support\/","name":"Support - Burg Machinery","isPartOf":{"@id":"https:\/\/www.burgmachinefabriek.nl\/de\/#website"},"primaryImageOfPage":{"@id":"https:\/\/www.burgmachinefabriek.nl\/de\/support\/#primaryimage"},"image":{"@id":"https:\/\/www.burgmachinefabriek.nl\/de\/support\/#primaryimage"},"thumbnailUrl":"https:\/\/www.burgmachinefabriek.nl\/wp-content\/uploads\/2022\/05\/DSF9121.jpg","datePublished":"2020-12-09T13:29:33+00:00","dateModified":"2022-06-30T08:58:57+00:00","breadcrumb":{"@id":"https:\/\/www.burgmachinefabriek.nl\/de\/support\/#breadcrumb"},"inLanguage":"de","potentialAction":[{"@type":"ReadAction","target":["https:\/\/www.burgmachinefabriek.nl\/de\/support\/"]}]},{"@type":"ImageObject","inLanguage":"de","@id":"https:\/\/www.burgmachinefabriek.nl\/de\/support\/#primaryimage","url":"https:\/\/www.burgmachinefabriek.nl\/wp-content\/uploads\/2022\/05\/DSF9121.jpg","contentUrl":"https:\/\/www.burgmachinefabriek.nl\/wp-content\/uploads\/2022\/05\/DSF9121.jpg","width":1920,"height":1280},{"@type":"BreadcrumbList","@id":"https:\/\/www.burgmachinefabriek.nl\/de\/support\/#breadcrumb","itemListElement":[{"@type":"ListItem","position":1,"name":"Home","item":"https:\/\/www.burgmachinefabriek.nl\/de\/"},{"@type":"ListItem","position":2,"name":"Support"}]},{"@type":"WebSite","@id":"https:\/\/www.burgmachinefabriek.nl\/de\/#website","url":"https:\/\/www.burgmachinefabriek.nl\/de\/","name":"Burg Machinery","description":"","potentialAction":[{"@type":"SearchAction","target":{"@type":"EntryPoint","urlTemplate":"https:\/\/www.burgmachinefabriek.nl\/de\/?s={search_term_string}"},"query-input":{"@type":"PropertyValueSpecification","valueRequired":true,"valueName":"search_term_string"}}],"inLanguage":"de"}]}},"_links":{"self":[{"href":"https:\/\/www.burgmachinefabriek.nl\/de\/wp-json\/wp\/v2\/pages\/6202"}],"collection":[{"href":"https:\/\/www.burgmachinefabriek.nl\/de\/wp-json\/wp\/v2\/pages"}],"about":[{"href":"https:\/\/www.burgmachinefabriek.nl\/de\/wp-json\/wp\/v2\/types\/page"}],"author":[{"embeddable":true,"href":"https:\/\/www.burgmachinefabriek.nl\/de\/wp-json\/wp\/v2\/users\/1"}],"replies":[{"embeddable":true,"href":"https:\/\/www.burgmachinefabriek.nl\/de\/wp-json\/wp\/v2\/comments?post=6202"}],"version-history":[{"count":0,"href":"https:\/\/www.burgmachinefabriek.nl\/de\/wp-json\/wp\/v2\/pages\/6202\/revisions"}],"wp:featuredmedia":[{"embeddable":true,"href":"https:\/\/www.burgmachinefabriek.nl\/de\/wp-json\/wp\/v2\/media\/15015"}],"wp:attachment":[{"href":"https:\/\/www.burgmachinefabriek.nl\/de\/wp-json\/wp\/v2\/media?parent=6202"}],"curies":[{"name":"wp","href":"https:\/\/api.w.org\/{rel}","templated":true}]}}