 {"id":6208,"date":"2020-12-09T13:29:33","date_gmt":"2020-12-09T13:29:33","guid":{"rendered":"https:\/\/www.burgmachinefabriek.nl\/datenschutzerklaerung\/"},"modified":"2022-10-17T14:19:39","modified_gmt":"2022-10-17T14:19:39","slug":"datenschutzerklaerung","status":"publish","type":"page","link":"https:\/\/www.burgmachinefabriek.nl\/de\/datenschutzerklaerung\/","title":{"rendered":"Datenschutzerkl\u00e4rung"},"content":{"rendered":"<p>Burg Machinefabriek respektiert die Privatsph\u00e4re seiner Website-Nutzer und behandelt die pers\u00f6nlichen Informationen, die Sie uns senden, stets absolut vertraulich. Wir verwenden Ihre Daten ausschlie\u00dflich, um die von Ihnen angeforderten Services zu erf\u00fcllen.<\/p>\n<p>Ihre pers\u00f6nlichen Daten:<br \/>\nOhne Ihre Zustimmung geben wir Ihre pers\u00f6nlichen Daten nicht an Dritte weiter. Wir sch\u00e4tzen Ihr Vertrauen in uns und tun daher alles, um Ihre pers\u00f6nlichen Daten zu sch\u00fctzen. Pers\u00f6nliche Daten, die \u00fcber unsere Website an uns weitergegeben werden, bestehen aus den Informationen in den Website-Formularen, die Sie auf der Website ausf\u00fcllen, sowie aus den in den Cookies enthaltenen Informationen. Diese pers\u00f6nlichen Informationen werden ausschlie\u00dflich f\u00fcr die Services verwendet, mit denen Sie uns beauftragt haben; Sie k\u00f6nnen diese Daten jeder Zeit einsehen, \u00e4ndern oder l\u00f6schen lassen. Senden Sie uns hierzu eine E-Mail mit Bitte um Einsicht, \u00c4nderung oder L\u00f6schung Ihrer Daten an info@burgmachinery.com.<\/p>\n<p>Die DSGVO sieht vor, dass jede Website Sie \u00fcber die Verwendung Ihrer pers\u00f6nlichen Daten informiert. Au\u00dferdem muss ein Einverst\u00e4ndnis f\u00fcr die spezifische Verwendung von Cookies eingeholt werden. Wir verstehen, dass dies als umst\u00e4ndlich und nicht sehr kundenfreundlich wahrgenommen werden kann. Hierf\u00fcr entschuldigen wir uns im Voraus. www.burg-machinefabriek.nl verwendet Cookies und andere Technologien, um die Online-Benutzerfreundlichkeit f\u00fcr Sie zu erh\u00f6hen und nachzuvollziehen, wie die Website genutzt wird, um auf der Grundlage dieser Daten die Qualit\u00e4t unserer Services zu verbessern. Diese Cookies bestehen aus funktionalen Cookies, die f\u00fcr die Funktion der Website unerl\u00e4sslich sind, analytischen Cookies f\u00fcr die Analyse der Website-Nutzung und Social-Media-Cookies f\u00fcr das Teilen von Informationen auf sozialen Medien. Beim Aufrufen unserer Website bzw. bei der Verwendung einiger unserer Produkte speichern die Server automatisch bestimmte Informationen wie URL, IP-Adresse, Browser-Typ und Browser-Sprache sowie Datum und Uhrzeit Ihres Besuchs.<\/p>\n<p>Warum Cookies?<br \/>\nWir verwenden bestimmte Cookies, um die Benutzerfreundlichkeit f\u00fcr unsere Besucher zu erh\u00f6hen. Diese Cookies sind f\u00fcr die Funktion der Website relevant und geben einen Einblick in Funktionsweise und Effektivit\u00e4t von Websites.<\/p>\n<p>Mithilfe solcher Cookies k\u00f6nnen wir die aufgerufene Website f\u00fcr den Besucher so benutzerfreundlich und interessant wie m\u00f6glich gestalten. Dabei werden keine Daten gesammelt, anhand derer R\u00fcckschl\u00fcsse auf einzelne Benutzer vollzogen werden k\u00f6nnen.<\/p>\n<p>Funktionale Cookies<br \/>\nCookies, die daf\u00fcr sorgen, dass diese Website wie vorgesehen funktioniert<\/p>\n<p>Diese Website verwendet Cookies, um daf\u00fcr zu sorgen, dass sie wie vorgesehen funktioniert. Wir verwenden Cookies f\u00fcr folgende Zwecke:<\/p>\n<p>Speichern von Informationen, die Sie auf verschiedenen Seiten eingeben, sodass Sie Ihre Daten nicht immer wieder neu eingeben m\u00fcssen.<br \/>\nWeitergeben von Informationen von einer Seite an eine andere, beispielsweise beim Ausf\u00fcllen einer gr\u00f6\u00dferen Umfrage oder wenn Sie bei einer Online-Bestellung viele Daten eingeben m\u00fcssen.<br \/>\nSpeichern von Einstellungen wie Sprache, Standort, gew\u00fcnschte Anzahl der angezeigten Suchergebnisse usw.<br \/>\nSpeichern von Einstellungen f\u00fcr eine optimale Video-Wiedergabe, beispielsweise gew\u00fcnschte Puffergr\u00f6\u00dfe und Aufl\u00f6sung Ihres Bildschirms.<br \/>\nAuslesen Ihrer Browser-Einstellungen, um unsere Website optimal auf Ihrem Bildschirm anzuzeigen.<br \/>\nAufdecken von Missbrauch unserer Website und Services, beispielsweise durch eine Reihe fehlgeschlagener Anmeldeversuche.<br \/>\nGleichm\u00e4\u00dfiges Auslasten der Website, um ihre Erreichbarkeit zu gew\u00e4hrleisten.<br \/>\nAnbieten verschiedener M\u00f6glichkeiten zum Speichern der Anmeldedaten, sodass Sie diese nicht jedes Mal neu eingeben m\u00fcssen. Anmelde-Cookies sind 2 Tage g\u00fcltig und Cookies f\u00fcr die Bildschirmanzeige 1 Jahr. Wenn Sie \u201eErinnern\u201c ausw\u00e4hlen, wird Ihre Anmeldung 2 Wochen lang gespeichert. Sobald Sie sich von Ihrem Konto abmelden, werden die Anmelde-Cookies gel\u00f6scht.<br \/>\nBestimmen, ob Ihr Browser Cookies akzeptiert. Hierzu speichern wir f\u00fcr gewisse Zeit ein Cookie, das keine pers\u00f6nlichen Daten beinhaltet und wieder gel\u00f6scht wird, sobald Sie den Browser schlie\u00dfen.<br \/>\nErm\u00f6glichen von Feedback auf unseren Websites. Sobald Sie auf der Website ein Feedback hinterlassen, sammeln wir die im Feedback-Formular angegebenen Daten, die IP-Adresse des Besuchers und den Browser-Nutzungsassistenten, um Spam zu erkennen. Sobald eine Nachricht ge\u00e4ndert oder ver\u00f6ffentlicht wird, speichert Ihr Browser einen erg\u00e4nzenden Cookie. Dieser Cookie enth\u00e4lt keine pers\u00f6nlichen Daten sondern lediglich die Post-ID des Artikels, den Sie bearbeitet haben. Nach einem Tag verf\u00e4llt der Cookie.<br \/>\nAnzeigen von Profilfotos von Gravatar. Eine anonymisierte Zeichenfolge, die auf der Grundlage Ihrer E-Mail-Adresse erstellt wird (auch \u201eHash\u201c genannt), kann an Gravatar gesendet werden, sofern Sie diesen Dienst nutzen. Die Seite mit der Datenschutzerkl\u00e4rung von Gravatar finden Sie hier: https:\/\/automattic.com\/privacy\/. Nachdem Ihr Feedback genehmigt wurde, ist Ihr Profilfoto im Zusammenhang mit Ihrem Feedback \u00f6ffentlich sichtbar.<br \/>\nWenn Sie ein registrierter Nutzer sind und ein Bild auf die Seite hochladen, darf dieses keine EXIF GPS-Standortdaten enthalten. Website-Besucher k\u00f6nnen das Bild von der Website herunterladen und die Standortdaten anzeigen.<\/p>\n<p>Analytische Cookies f\u00fcr Website-Statistiken<br \/>\nUm zu bestimmen, welche Teile der Website f\u00fcr unsere Besucher am interessantesten sind, versuchen wir kontinuierlich, mithilfe der Software von Google Analytics zu erfassen, wie viele Besucher unsere Website besuchen und welche Teile der Website am meisten aufgerufen werden. Das Teilen von Informationen ist in den Einstellungen von Google Analytics deaktiviert, und die Besucher-IDs werden anonymisiert.<\/p>\n<p>Anhand der Daten, die wir auf diese Weise sammeln, erstellen wir Statistiken. Diese Statistiken geben uns einen Einblick darin, wie oft unsere Webseiten besucht werden, wo sich Besucher am l\u00e4ngsten aufhalten usw. Dadurch k\u00f6nnen wir Navigation und Inhalt der Website so benutzerfreundlich und optimal wie m\u00f6glich gestalten. Die Statistiken und weiteren Berichte k\u00f6nnen wir nicht auf einzelne Personen zur\u00fcckf\u00fchren.<\/p>\n<p>Wir verwenden Cookies, um unter anderem Folgendes zu erfassen:<\/p>\n<p>die Anzahl Besucher auf unseren Webseiten,<br \/>\ndie Dauer des Besuchs auf unseren Webseiten, wobei diese nicht auf individuelle Besucher zur\u00fcckgef\u00fchrt werden kann,<br \/>\ndie Reihenfolge, in der ein Besucher die einzelnen Seiten unsere Website aufruft,<br \/>\nwelche Teile unserer Site angepasst werden m\u00fcssen und<br \/>\ndie Optimierung der Website.<br \/>\nSocial-Media-Cookies und eingebettete Inhalte von anderen Websites<br \/>\nBerichte auf dieser Site k\u00f6nnen eingebettete Inhalte umfassen (z. B. Videos, Bilder, Berichte usw.). Eingebettete Inhalte von anderen Websites verhalten sich so, als h\u00e4tte der Besucher diese andere Website selbst besucht. Diese Websites k\u00f6nnen Daten \u00fcber Sie sammeln, Cookies verwenden, Tracking von Dritten umfassen und Ihre Interaktion mit dem eingebetteten Inhalt \u00fcberwachen, einschlie\u00dflich der Interaktion mit eingebettetem Inhalt, sofern Sie auf der entsprechenden Seite ein Konto haben und dort angemeldet sind.<\/p>\n<p>Wir verwenden Tracking \u00fcber LeadInfo, lesen Sie die Datenschutz- und Cookie-Erkl\u00e4rung hier: <a href=\"https:\/\/www.leadinfo.com\/de\/datenschutz\/\">Datenschutz- und Cookie-Erkl\u00e4rung \u2013 Leadinfo<\/a><\/p>\n<p>Ein Beispiel hierf\u00fcr sind Social-Media-Plugins, mit denen \u00fcber Buttons Inhalte von dieser Seite \u00fcber soziale Medien geteilt werden k\u00f6nnen. Damit diese Buttons ordnungsgem\u00e4\u00df funktionieren, verwenden die entsprechenden sozialen Medien so genannte Social-Media-Cookies, um Sie zu erkennen, sobald Sie einen Artikel oder ein Video teilen m\u00f6chten.<\/p>\n<p>Dadurch k\u00f6nnen Nutzer, die auf Social-Media-Seiten (z. B. Twitter oder Facebook) angemeldet sind, bestimmte Inhalte von unserer Website direkt auf diesen Seiten teilen. Hinsichtlich der Cookies, die Social-Media-Netzwerke und andere Websites mit eingebetteten Inhalten platzieren, und der Daten, die sie damit sammeln, verweisen wir auf die jeweiligen Erkl\u00e4rungen, die diese Parteien auf ihren eigenen Websites hierzu abgegeben haben (siehe Links unten). Beachten Sie, dass sich diese Erkl\u00e4rungen regelm\u00e4\u00dfig \u00e4ndern k\u00f6nnen. Burg Machinefabriek hat hierauf keinen Einfluss.<\/p>\n<p>Facebook (https:\/\/www.facebook.com\/policies\/cookies\/)<br \/>\nGoogle+ \/ Youtube (https:\/\/policies.google.com\/privacy?hl=nl)<br \/>\nTwitter (https:\/\/twitter.com\/en\/privacy)<br \/>\nInstagram (https:\/\/help.instagram.com\/1896641480634370?ref=ig)<br \/>\nWerbe-Cookies<br \/>\nCookies, mit denen Werbung online auf Ihre Vorlieben abgestimmt wird. Diese Website verwendet keine Werbe-Cookies.<\/p>\n<p>Cookies deaktivieren<br \/>\nSie k\u00f6nnen Cookies \u00fcber Ihren Browser deaktivieren. Weitere Informationen zur Verwaltung von Cookies in bestimmten Webbrowsern finden Sie auf den Websites der entsprechenden Browser.<\/p>\n<p>Internet Explorer<br \/>\nGoogle Chrome<br \/>\nFirefox<br \/>\nSafari<br \/>\nSchlussbemerkung<br \/>\nDie oben beschriebene Richtlinie zu den pers\u00f6nlichen Daten bezieht sich ausschlie\u00dflich auf Daten, die wir \u00fcber unsere Website sammeln. Es kann sein, dass die Unternehmensverwaltung von Burg Machinefabriek pers\u00f6nliche Daten von Ihnen f\u00fchrt. Diese Daten stehen in keinem Zusammenhang mit dieser Website und den pers\u00f6nlichen Daten auf dieser Website. F\u00fcr weitere Informationen zu eventuell gef\u00fchrten pers\u00f6nlichen Daten von Ihnen in der Unternehmensverwaltung wenden Sie sich per E-Mail an info@burgmachinery.com.<\/p>\n<p>Haben Sie Vorschl\u00e4ge, Beschwerden oder Fragen zu unserer Datenschutzerkl\u00e4rung? Senden Sie dann eine E-Mail an info@burgmachinery.com.<\/p>\n<p>&nbsp;<\/p>\n","protected":false},"excerpt":{"rendered":"<p>Burg Machinefabriek respektiert die Privatsph\u00e4re seiner Website-Nutzer und behandelt die pers\u00f6nlichen Informationen, die Sie uns senden, stets absolut vertraulich. Wir verwenden Ihre Daten ausschlie\u00dflich, um die von Ihnen angeforderten Services zu erf\u00fcllen. Ihre pers\u00f6nlichen Daten: Ohne Ihre Zustimmung geben wir Ihre pers\u00f6nlichen Daten nicht an Dritte weiter. Wir sch\u00e4tzen Ihr Vertrauen in uns und tun [&hellip;]<\/p>\n","protected":false},"author":1,"featured_media":0,"parent":0,"menu_order":9,"comment_status":"closed","ping_status":"closed","template":"","meta":{"_acf_changed":false,"footnotes":""},"class_list":["post-6208","page","type-page","status-publish","hentry"],"acf":[],"yoast_head":"<!-- This site is optimized with the Yoast SEO plugin v23.7 - https:\/\/yoast.com\/wordpress\/plugins\/seo\/ -->\n<title>Datenschutzerkl\u00e4rung - Burg Machinery<\/title>\n<meta name=\"robots\" content=\"index, follow, max-snippet:-1, max-image-preview:large, max-video-preview:-1\" \/>\n<link rel=\"canonical\" href=\"https:\/\/www.burgmachinefabriek.nl\/de\/datenschutzerklaerung\/\" \/>\n<meta property=\"og:locale\" content=\"de_DE\" \/>\n<meta property=\"og:type\" content=\"article\" \/>\n<meta property=\"og:title\" content=\"Datenschutzerkl\u00e4rung - Burg Machinery\" \/>\n<meta property=\"og:description\" content=\"Burg Machinefabriek respektiert die Privatsph\u00e4re seiner Website-Nutzer und behandelt die pers\u00f6nlichen Informationen, die Sie uns senden, stets absolut vertraulich. Wir verwenden Ihre Daten ausschlie\u00dflich, um die von Ihnen angeforderten Services zu erf\u00fcllen. Ihre pers\u00f6nlichen Daten: Ohne Ihre Zustimmung geben wir Ihre pers\u00f6nlichen Daten nicht an Dritte weiter. Wir sch\u00e4tzen Ihr Vertrauen in uns und tun [&hellip;]\" \/>\n<meta property=\"og:url\" content=\"https:\/\/www.burgmachinefabriek.nl\/de\/datenschutzerklaerung\/\" \/>\n<meta property=\"og:site_name\" content=\"Burg Machinery\" \/>\n<meta property=\"article:modified_time\" content=\"2022-10-17T14:19:39+00:00\" \/>\n<meta name=\"twitter:card\" content=\"summary_large_image\" \/>\n<meta name=\"twitter:label1\" content=\"Gesch\u00e4tzte Lesezeit\" \/>\n\t<meta name=\"twitter:data1\" content=\"7\u00a0Minuten\" \/>\n<script type=\"application\/ld+json\" class=\"yoast-schema-graph\">{\"@context\":\"https:\/\/schema.org\",\"@graph\":[{\"@type\":\"WebPage\",\"@id\":\"https:\/\/www.burgmachinefabriek.nl\/de\/datenschutzerklaerung\/\",\"url\":\"https:\/\/www.burgmachinefabriek.nl\/de\/datenschutzerklaerung\/\",\"name\":\"Datenschutzerkl\u00e4rung - Burg Machinery\",\"isPartOf\":{\"@id\":\"https:\/\/www.burgmachinefabriek.nl\/de\/#website\"},\"datePublished\":\"2020-12-09T13:29:33+00:00\",\"dateModified\":\"2022-10-17T14:19:39+00:00\",\"breadcrumb\":{\"@id\":\"https:\/\/www.burgmachinefabriek.nl\/de\/datenschutzerklaerung\/#breadcrumb\"},\"inLanguage\":\"de\",\"potentialAction\":[{\"@type\":\"ReadAction\",\"target\":[\"https:\/\/www.burgmachinefabriek.nl\/de\/datenschutzerklaerung\/\"]}]},{\"@type\":\"BreadcrumbList\",\"@id\":\"https:\/\/www.burgmachinefabriek.nl\/de\/datenschutzerklaerung\/#breadcrumb\",\"itemListElement\":[{\"@type\":\"ListItem\",\"position\":1,\"name\":\"Home\",\"item\":\"https:\/\/www.burgmachinefabriek.nl\/de\/\"},{\"@type\":\"ListItem\",\"position\":2,\"name\":\"Datenschutzerkl\u00e4rung\"}]},{\"@type\":\"WebSite\",\"@id\":\"https:\/\/www.burgmachinefabriek.nl\/de\/#website\",\"url\":\"https:\/\/www.burgmachinefabriek.nl\/de\/\",\"name\":\"Burg Machinery\",\"description\":\"\",\"potentialAction\":[{\"@type\":\"SearchAction\",\"target\":{\"@type\":\"EntryPoint\",\"urlTemplate\":\"https:\/\/www.burgmachinefabriek.nl\/de\/?s={search_term_string}\"},\"query-input\":{\"@type\":\"PropertyValueSpecification\",\"valueRequired\":true,\"valueName\":\"search_term_string\"}}],\"inLanguage\":\"de\"}]}<\/script>\n<!-- \/ Yoast SEO plugin. -->","yoast_head_json":{"title":"Datenschutzerkl\u00e4rung - Burg Machinery","robots":{"index":"index","follow":"follow","max-snippet":"max-snippet:-1","max-image-preview":"max-image-preview:large","max-video-preview":"max-video-preview:-1"},"canonical":"https:\/\/www.burgmachinefabriek.nl\/de\/datenschutzerklaerung\/","og_locale":"de_DE","og_type":"article","og_title":"Datenschutzerkl\u00e4rung - Burg Machinery","og_description":"Burg Machinefabriek respektiert die Privatsph\u00e4re seiner Website-Nutzer und behandelt die pers\u00f6nlichen Informationen, die Sie uns senden, stets absolut vertraulich. Wir verwenden Ihre Daten ausschlie\u00dflich, um die von Ihnen angeforderten Services zu erf\u00fcllen. Ihre pers\u00f6nlichen Daten: Ohne Ihre Zustimmung geben wir Ihre pers\u00f6nlichen Daten nicht an Dritte weiter. Wir sch\u00e4tzen Ihr Vertrauen in uns und tun [&hellip;]","og_url":"https:\/\/www.burgmachinefabriek.nl\/de\/datenschutzerklaerung\/","og_site_name":"Burg Machinery","article_modified_time":"2022-10-17T14:19:39+00:00","twitter_card":"summary_large_image","twitter_misc":{"Gesch\u00e4tzte Lesezeit":"7\u00a0Minuten"},"schema":{"@context":"https:\/\/schema.org","@graph":[{"@type":"WebPage","@id":"https:\/\/www.burgmachinefabriek.nl\/de\/datenschutzerklaerung\/","url":"https:\/\/www.burgmachinefabriek.nl\/de\/datenschutzerklaerung\/","name":"Datenschutzerkl\u00e4rung - Burg Machinery","isPartOf":{"@id":"https:\/\/www.burgmachinefabriek.nl\/de\/#website"},"datePublished":"2020-12-09T13:29:33+00:00","dateModified":"2022-10-17T14:19:39+00:00","breadcrumb":{"@id":"https:\/\/www.burgmachinefabriek.nl\/de\/datenschutzerklaerung\/#breadcrumb"},"inLanguage":"de","potentialAction":[{"@type":"ReadAction","target":["https:\/\/www.burgmachinefabriek.nl\/de\/datenschutzerklaerung\/"]}]},{"@type":"BreadcrumbList","@id":"https:\/\/www.burgmachinefabriek.nl\/de\/datenschutzerklaerung\/#breadcrumb","itemListElement":[{"@type":"ListItem","position":1,"name":"Home","item":"https:\/\/www.burgmachinefabriek.nl\/de\/"},{"@type":"ListItem","position":2,"name":"Datenschutzerkl\u00e4rung"}]},{"@type":"WebSite","@id":"https:\/\/www.burgmachinefabriek.nl\/de\/#website","url":"https:\/\/www.burgmachinefabriek.nl\/de\/","name":"Burg Machinery","description":"","potentialAction":[{"@type":"SearchAction","target":{"@type":"EntryPoint","urlTemplate":"https:\/\/www.burgmachinefabriek.nl\/de\/?s={search_term_string}"},"query-input":{"@type":"PropertyValueSpecification","valueRequired":true,"valueName":"search_term_string"}}],"inLanguage":"de"}]}},"_links":{"self":[{"href":"https:\/\/www.burgmachinefabriek.nl\/de\/wp-json\/wp\/v2\/pages\/6208"}],"collection":[{"href":"https:\/\/www.burgmachinefabriek.nl\/de\/wp-json\/wp\/v2\/pages"}],"about":[{"href":"https:\/\/www.burgmachinefabriek.nl\/de\/wp-json\/wp\/v2\/types\/page"}],"author":[{"embeddable":true,"href":"https:\/\/www.burgmachinefabriek.nl\/de\/wp-json\/wp\/v2\/users\/1"}],"replies":[{"embeddable":true,"href":"https:\/\/www.burgmachinefabriek.nl\/de\/wp-json\/wp\/v2\/comments?post=6208"}],"version-history":[{"count":0,"href":"https:\/\/www.burgmachinefabriek.nl\/de\/wp-json\/wp\/v2\/pages\/6208\/revisions"}],"wp:attachment":[{"href":"https:\/\/www.burgmachinefabriek.nl\/de\/wp-json\/wp\/v2\/media?parent=6208"}],"curies":[{"name":"wp","href":"https:\/\/api.w.org\/{rel}","templated":true}]}}