 {"id":21303,"date":"2023-07-17T12:44:49","date_gmt":"2023-07-17T12:44:49","guid":{"rendered":"https:\/\/www.burgmachinefabriek.nl\/politica-de-privacidad\/"},"modified":"2023-07-17T12:44:49","modified_gmt":"2023-07-17T12:44:49","slug":"politica-de-privacidad","status":"publish","type":"page","link":"https:\/\/www.burgmachinefabriek.nl\/es\/politica-de-privacidad\/","title":{"rendered":"Pol\u00edtica de privacidad"},"content":{"rendered":"<p>Burg Machinefabriek respeta la privacidad de todos los usuarios de su sitio web y garantiza que la informaci\u00f3n personal que nos proporcione se mantendr\u00e1 siempre confidencial. S\u00f3lo utilizamos sus datos para prestarle los servicios que nos ha solicitado.<\/p>\n<p>Sus datos personales:<br \/>\nNo pondremos sus datos personales a disposici\u00f3n de terceros sin su consentimiento. Agradecemos la confianza que deposita en nosotros y haremos todo lo posible para proteger su informaci\u00f3n personal. La informaci\u00f3n personal que nos llega a trav\u00e9s de nuestro sitio web consiste en informaci\u00f3n procedente de los formularios que puede cumplimentar en el sitio e informaci\u00f3n procedente de cookies. Esta informaci\u00f3n personal se utiliza \u00fanicamente para los servicios para los que nos la ha confiado y usted tiene derecho a solicitarla, modificarla o eliminarla. Puede hacerlo enviando un correo electr\u00f3nico a info@burgmachinery.com con su solicitud de consulta, modificaci\u00f3n o eliminaci\u00f3n.<\/p>\n<p>La legislaci\u00f3n AVG\/GDPR obliga a todos los sitios web a informarle sobre el uso de sus datos personales. Tambi\u00e9n debe solicitarse el consentimiento para el uso espec\u00edfico de cookies. Somos conscientes de que esto puede parecer inc\u00f3modo e incluso antip\u00e1tico para el cliente. Pedimos disculpas de antemano por ello. www.burg-machinefabriek.nl utiliza cookies y otras tecnolog\u00edas para aumentar la facilidad de uso de su sitio web y supervisar c\u00f3mo se utiliza, de modo que podamos mejorar la calidad de nuestros servicios en consecuencia. Estas cookies consisten en cookies funcionales, para que este sitio web funcione correctamente, cookies anal\u00edticas que nos permiten medir el uso del sitio web y cookies de medios sociales para compartir informaci\u00f3n en los medios sociales. Cuando visita nuestro sitio web o utiliza algunos de nuestros productos, los servidores almacenan autom\u00e1ticamente informaci\u00f3n como la URL, la direcci\u00f3n IP, el tipo de navegador y el idioma, as\u00ed como la fecha y la hora de su visita.<\/p>\n<p>\u00bfPor qu\u00e9 cookies?<br \/>\nInstalamos cookies espec\u00edficas para facilitar el uso a los visitantes. Ayudan a la funcionalidad y tienen por objeto obtener informaci\u00f3n sobre el funcionamiento y la eficacia de los sitios web.<\/p>\n<p>Esto nos permite hacer que el sitio web visitado sea lo m\u00e1s f\u00e1cil e interesante posible para el visitante. No recogen datos que puedan utilizarse para rastrear a usuarios individuales.<\/p>\n<p>Cookies funcionales<br \/>\nCookies que garantizan el correcto funcionamiento de este sitio web<\/p>\n<p>Este sitio web utiliza cookies para garantizar su correcto funcionamiento. Por ejemplo, utilizamos cookies para:<br \/>\n                                                                                                                                                                                                                                                                                                                                                                                                                                                                                                                                                                                                              recordar la informaci\u00f3n que rellena en las distintas p\u00e1ginas, para que no tenga que rellenar todos sus datos una y otra vez<br \/>\npasar informaci\u00f3n de una p\u00e1gina a otra, por ejemplo, si est\u00e1 completando una encuesta larga o tiene que rellenar muchos datos al hacer un pedido en l\u00ednea<br \/>\nguardar preferencias, como el idioma, la ubicaci\u00f3n, el n\u00famero de resultados de b\u00fasqueda que desea que se muestren, etc.<br \/>\nguardar los ajustes para una reproducci\u00f3n de v\u00eddeo \u00f3ptima, como el tama\u00f1o de b\u00fafer deseado y los datos de resoluci\u00f3n de su pantalla<br \/>\nleer la configuraci\u00f3n de su navegador para mostrar nuestro sitio web de forma \u00f3ptima en su pantalla<br \/>\ndetectar el uso indebido de nuestro sitio web y nuestros servicios, por ejemplo, registrando un n\u00famero de intentos fallidos consecutivos de inicio de sesi\u00f3n<br \/>\ncargar uniformemente el sitio web para que siga siendo accesible<br \/>\nofrecer la opci\u00f3n de almacenar los datos de inicio de sesi\u00f3n para que no tenga que volver a introducirlos cada vez. Las cookies de inicio de sesi\u00f3n son v\u00e1lidas durante 2 d\u00edas y las cookies para opciones de visualizaci\u00f3n en pantalla durante 1 a\u00f1o. Si selecciona \u00abRecordarme\u00bb, sus datos de acceso se guardar\u00e1n durante 2 semanas. Una vez que salga de su cuenta, las cookies de inicio de sesi\u00f3n se borrar\u00e1n.<br \/>\nDeterminar si su navegador acepta cookies. Para ello, almacenamos una cookie temporal que no contiene datos personales y se borra en cuanto cierra el navegador<br \/>\nPermitirle hacer comentarios en nuestros sitios web. Cuando deja un comentario en el sitio, recopilamos los datos que aparecen en el formulario de comentarios, la direcci\u00f3n IP del visitante y el agente de usuario del navegador para ayudar a detectar el spam. Cuando edita o publica una entrada, su navegador almacena una cookie adicional. Esta cookie no contiene datos personales y s\u00f3lo contiene el ID del art\u00edculo que ha editado. Esta cookie caduca al cabo de un d\u00eda.<br \/>\nMostrar im\u00e1genes de perfil del servicio gravatar. Una cadena an\u00f3nima creada a partir de tu direcci\u00f3n de correo electr\u00f3nico (tambi\u00e9n llamada hash) puede ser enviada al servicio Gravatar si lo utilizas. La p\u00e1gina de pol\u00edtica de privacidad de Gravatar se encuentra aqu\u00ed: https:\/\/automattic.com\/privacy\/. Una vez aprobado tu comentario, tu foto de perfil ser\u00e1 visible p\u00fablicamente en el contexto de tu comentario.<br \/>\nSi eres un usuario registrado y subes im\u00e1genes al sitio, debes evitar subir im\u00e1genes que contengan datos EXIF de localizaci\u00f3n GPS. Los visitantes del sitio web pueden descargar las im\u00e1genes del sitio web y ver los datos de localizaci\u00f3n.<\/p>\n<p>Cookies anal\u00edticas para estad\u00edsticas web<br \/>\nPara determinar qu\u00e9 partes del sitio web son de mayor inter\u00e9s para nuestros visitantes, intentamos medir continuamente, mediante el software Google Analytics, cu\u00e1ntos visitantes llegan a nuestro sitio web y qu\u00e9 partes del sitio web son las m\u00e1s vistas. El intercambio de informaci\u00f3n est\u00e1 desactivado en la configuraci\u00f3n de Google Analytics y las IP de los visitantes se anonimizan.<\/p>\n<p>A partir de la informaci\u00f3n que recogemos de este modo se elaboran estad\u00edsticas. Estas estad\u00edsticas nos permiten saber con qu\u00e9 frecuencia se visitan nuestras p\u00e1ginas web, d\u00f3nde pasan m\u00e1s tiempo los visitantes, etc\u00e9tera. Esto nos permite hacer que la estructura, la navegaci\u00f3n y el contenido del sitio web sean lo m\u00e1s f\u00e1ciles de usar y \u00f3ptimos posible. Las estad\u00edsticas y otros informes no pueden identificarse individualmente.<\/p>\n<p>Utilizamos cookies para, entre otras cosas<\/p>\n<p>hacer un seguimiento del n\u00famero de visitantes de nuestras p\u00e1ginas web<br \/>\nhacer un seguimiento del tiempo que cada visitante pasa en nuestras p\u00e1ginas web; los visitantes no pueden ser identificados de forma \u00fanica<br \/>\ndeterminar el orden en que un visitante visita las distintas p\u00e1ginas de nuestro sitio web<br \/>\nevaluar qu\u00e9 partes de nuestro sitio web requieren ajustes<br \/>\noptimizar el sitio web<br \/>\nCookies de redes sociales y contenido incrustado de otros sitios web<br \/>\nLas publicaciones de este sitio pueden incluir contenido incrustado (por ejemplo, v\u00eddeos, im\u00e1genes, mensajes, etc.). El contenido incrustado de otros sitios web se comporta exactamente igual que si el visitante hubiera visitado este otro sitio web. Estos sitios web pueden recopilar datos sobre usted, utilizar cookies, incrustar el seguimiento de terceros y supervisar su interacci\u00f3n con este contenido incrustado, incluida la interacci\u00f3n con el contenido incrustado si tiene una cuenta y ha iniciado sesi\u00f3n en ese sitio web.<\/p>\n<p>Utilizamos el seguimiento a trav\u00e9s de LeadInfo, lea la declaraci\u00f3n de privacidad y cookies aqu\u00ed:- &amp; cookieverklaring:\u00a0 <a href=\"https:\/\/www.leadinfo.com\/nl\/privacy\/\">Privacy- en cookieverklaring \u2013 Leadinfo<\/a><\/p>\n<p>Un ejemplo de ello son los plugins de medios sociales que permiten compartir contenidos de este sitio a trav\u00e9s de medios sociales mediante botones. Para el funcionamiento de estos botones, se utilizan cookies de medios sociales de las partes de medios sociales, para que le reconozcan en el momento en que desee compartir un art\u00edculo o v\u00eddeo.<\/p>\n<p>Esto hace posible que los usuarios conectados a sitios de medios sociales (por ejemplo, Twitter o Facebook) compartan algunos contenidos de nuestro sitio web directamente en esos sitios. En cuanto a las cookies instaladas por las redes sociales y otros sitios web con contenido incrustado y los posibles datos que recopilan con ello, tambi\u00e9n nos remitimos a las declaraciones que estas partes hacen en sus propios sitios web al respecto; v\u00e9anse los enlaces que figuran a continuaci\u00f3n. Tenga en cuenta que estas declaraciones pueden cambiar peri\u00f3dicamente. Burg Machinefabriek no tiene ninguna influencia al respecto.<\/p>\n<p>Facebook (https:\/\/www.facebook.com\/policies\/cookies\/)<br \/>\nGoogle+ \/ Youtube (https:\/\/policies.google.com\/privacy?hl=nl)<br \/>\nTwitter (https:\/\/twitter.com\/en\/privacy)<br \/>\nInstagram (https:\/\/help.instagram.com\/1896641480634370?ref=ig)<br \/>\nCookies publicitarias<br \/>\nCookies que permiten adaptar la publicidad a sus preferencias en l\u00ednea. Este sitio web no utiliza cookies publicitarias.<\/p>\n<p>C\u00f3mo desactivar las cookies<br \/>\nSi desea desactivar las cookies, puede hacerlo a trav\u00e9s de su navegador. Encontrar\u00e1 informaci\u00f3n m\u00e1s detallada sobre la gesti\u00f3n de cookies con navegadores espec\u00edficos en los sitios web de los navegadores respectivos.<\/p>\n<p>Internet Explorer<br \/>\nGoogle Chrome<br \/>\nFirefox<br \/>\nSafari<br \/>\nPor \u00faltimo<br \/>\nLa anterior pol\u00edtica de datos personales se refiere \u00fanicamente a los datos recogidos a trav\u00e9s de este sitio web. Usted tambi\u00e9n puede tener datos personales registrados en los registros comerciales de Burg Machinefabriek. Estos datos son completamente independientes de este sitio web y de los datos personales de este sitio web. Si desea m\u00e1s informaci\u00f3n sobre cualquier dato personal suyo incluido en la administraci\u00f3n de la empresa, env\u00ede un correo electr\u00f3nico a info@burgmachinery.com.<\/p>\n<p>\u00bfTiene alguna sugerencia, queja o pregunta sobre nuestra pol\u00edtica de privacidad? Env\u00ede un correo electr\u00f3nico a info@burgmachinery.com.<br \/>\n&nbsp;<\/p>\n","protected":false},"excerpt":{"rendered":"<p>Burg Machinefabriek respeta la privacidad de todos los usuarios de su sitio web y garantiza que la informaci\u00f3n personal que nos proporcione se mantendr\u00e1 siempre confidencial. S\u00f3lo utilizamos sus datos para prestarle los servicios que nos ha solicitado. Sus datos personales: No pondremos sus datos personales a disposici\u00f3n de terceros sin su consentimiento. Agradecemos la [&hellip;]<\/p>\n","protected":false},"author":1,"featured_media":0,"parent":0,"menu_order":9,"comment_status":"open","ping_status":"open","template":"","meta":{"_acf_changed":false,"footnotes":""},"class_list":["post-21303","page","type-page","status-publish","hentry"],"acf":[],"yoast_head":"<!-- This site is optimized with the Yoast SEO plugin v23.7 - https:\/\/yoast.com\/wordpress\/plugins\/seo\/ -->\n<title>Pol\u00edtica de privacidad - Burg Machinery<\/title>\n<meta name=\"robots\" content=\"index, follow, max-snippet:-1, max-image-preview:large, max-video-preview:-1\" \/>\n<link rel=\"canonical\" href=\"https:\/\/www.burgmachinefabriek.nl\/es\/politica-de-privacidad\/\" \/>\n<meta property=\"og:locale\" content=\"es_ES\" \/>\n<meta property=\"og:type\" content=\"article\" \/>\n<meta property=\"og:title\" content=\"Pol\u00edtica de privacidad - Burg Machinery\" \/>\n<meta property=\"og:description\" content=\"Burg Machinefabriek respeta la privacidad de todos los usuarios de su sitio web y garantiza que la informaci\u00f3n personal que nos proporcione se mantendr\u00e1 siempre confidencial. S\u00f3lo utilizamos sus datos para prestarle los servicios que nos ha solicitado. Sus datos personales: No pondremos sus datos personales a disposici\u00f3n de terceros sin su consentimiento. Agradecemos la [&hellip;]\" \/>\n<meta property=\"og:url\" content=\"https:\/\/www.burgmachinefabriek.nl\/es\/politica-de-privacidad\/\" \/>\n<meta property=\"og:site_name\" content=\"Burg Machinery\" \/>\n<meta name=\"twitter:card\" content=\"summary_large_image\" \/>\n<meta name=\"twitter:label1\" content=\"Tiempo de lectura\" \/>\n\t<meta name=\"twitter:data1\" content=\"8 minutos\" \/>\n<script type=\"application\/ld+json\" class=\"yoast-schema-graph\">{\"@context\":\"https:\/\/schema.org\",\"@graph\":[{\"@type\":\"WebPage\",\"@id\":\"https:\/\/www.burgmachinefabriek.nl\/es\/politica-de-privacidad\/\",\"url\":\"https:\/\/www.burgmachinefabriek.nl\/es\/politica-de-privacidad\/\",\"name\":\"Pol\u00edtica de privacidad - Burg Machinery\",\"isPartOf\":{\"@id\":\"https:\/\/www.burgmachinefabriek.nl\/es\/#website\"},\"datePublished\":\"2023-07-17T12:44:49+00:00\",\"dateModified\":\"2023-07-17T12:44:49+00:00\",\"breadcrumb\":{\"@id\":\"https:\/\/www.burgmachinefabriek.nl\/es\/politica-de-privacidad\/#breadcrumb\"},\"inLanguage\":\"es\",\"potentialAction\":[{\"@type\":\"ReadAction\",\"target\":[\"https:\/\/www.burgmachinefabriek.nl\/es\/politica-de-privacidad\/\"]}]},{\"@type\":\"BreadcrumbList\",\"@id\":\"https:\/\/www.burgmachinefabriek.nl\/es\/politica-de-privacidad\/#breadcrumb\",\"itemListElement\":[{\"@type\":\"ListItem\",\"position\":1,\"name\":\"Home\",\"item\":\"https:\/\/www.burgmachinefabriek.nl\/es\/\"},{\"@type\":\"ListItem\",\"position\":2,\"name\":\"Pol\u00edtica de privacidad\"}]},{\"@type\":\"WebSite\",\"@id\":\"https:\/\/www.burgmachinefabriek.nl\/es\/#website\",\"url\":\"https:\/\/www.burgmachinefabriek.nl\/es\/\",\"name\":\"Burg Machinery\",\"description\":\"\",\"potentialAction\":[{\"@type\":\"SearchAction\",\"target\":{\"@type\":\"EntryPoint\",\"urlTemplate\":\"https:\/\/www.burgmachinefabriek.nl\/es\/?s={search_term_string}\"},\"query-input\":{\"@type\":\"PropertyValueSpecification\",\"valueRequired\":true,\"valueName\":\"search_term_string\"}}],\"inLanguage\":\"es\"}]}<\/script>\n<!-- \/ Yoast SEO plugin. -->","yoast_head_json":{"title":"Pol\u00edtica de privacidad - Burg Machinery","robots":{"index":"index","follow":"follow","max-snippet":"max-snippet:-1","max-image-preview":"max-image-preview:large","max-video-preview":"max-video-preview:-1"},"canonical":"https:\/\/www.burgmachinefabriek.nl\/es\/politica-de-privacidad\/","og_locale":"es_ES","og_type":"article","og_title":"Pol\u00edtica de privacidad - Burg Machinery","og_description":"Burg Machinefabriek respeta la privacidad de todos los usuarios de su sitio web y garantiza que la informaci\u00f3n personal que nos proporcione se mantendr\u00e1 siempre confidencial. S\u00f3lo utilizamos sus datos para prestarle los servicios que nos ha solicitado. Sus datos personales: No pondremos sus datos personales a disposici\u00f3n de terceros sin su consentimiento. Agradecemos la [&hellip;]","og_url":"https:\/\/www.burgmachinefabriek.nl\/es\/politica-de-privacidad\/","og_site_name":"Burg Machinery","twitter_card":"summary_large_image","twitter_misc":{"Tiempo de lectura":"8 minutos"},"schema":{"@context":"https:\/\/schema.org","@graph":[{"@type":"WebPage","@id":"https:\/\/www.burgmachinefabriek.nl\/es\/politica-de-privacidad\/","url":"https:\/\/www.burgmachinefabriek.nl\/es\/politica-de-privacidad\/","name":"Pol\u00edtica de privacidad - Burg Machinery","isPartOf":{"@id":"https:\/\/www.burgmachinefabriek.nl\/es\/#website"},"datePublished":"2023-07-17T12:44:49+00:00","dateModified":"2023-07-17T12:44:49+00:00","breadcrumb":{"@id":"https:\/\/www.burgmachinefabriek.nl\/es\/politica-de-privacidad\/#breadcrumb"},"inLanguage":"es","potentialAction":[{"@type":"ReadAction","target":["https:\/\/www.burgmachinefabriek.nl\/es\/politica-de-privacidad\/"]}]},{"@type":"BreadcrumbList","@id":"https:\/\/www.burgmachinefabriek.nl\/es\/politica-de-privacidad\/#breadcrumb","itemListElement":[{"@type":"ListItem","position":1,"name":"Home","item":"https:\/\/www.burgmachinefabriek.nl\/es\/"},{"@type":"ListItem","position":2,"name":"Pol\u00edtica de privacidad"}]},{"@type":"WebSite","@id":"https:\/\/www.burgmachinefabriek.nl\/es\/#website","url":"https:\/\/www.burgmachinefabriek.nl\/es\/","name":"Burg Machinery","description":"","potentialAction":[{"@type":"SearchAction","target":{"@type":"EntryPoint","urlTemplate":"https:\/\/www.burgmachinefabriek.nl\/es\/?s={search_term_string}"},"query-input":{"@type":"PropertyValueSpecification","valueRequired":true,"valueName":"search_term_string"}}],"inLanguage":"es"}]}},"_links":{"self":[{"href":"https:\/\/www.burgmachinefabriek.nl\/es\/wp-json\/wp\/v2\/pages\/21303"}],"collection":[{"href":"https:\/\/www.burgmachinefabriek.nl\/es\/wp-json\/wp\/v2\/pages"}],"about":[{"href":"https:\/\/www.burgmachinefabriek.nl\/es\/wp-json\/wp\/v2\/types\/page"}],"author":[{"embeddable":true,"href":"https:\/\/www.burgmachinefabriek.nl\/es\/wp-json\/wp\/v2\/users\/1"}],"replies":[{"embeddable":true,"href":"https:\/\/www.burgmachinefabriek.nl\/es\/wp-json\/wp\/v2\/comments?post=21303"}],"version-history":[{"count":0,"href":"https:\/\/www.burgmachinefabriek.nl\/es\/wp-json\/wp\/v2\/pages\/21303\/revisions"}],"wp:attachment":[{"href":"https:\/\/www.burgmachinefabriek.nl\/es\/wp-json\/wp\/v2\/media?parent=21303"}],"curies":[{"name":"wp","href":"https:\/\/api.w.org\/{rel}","templated":true}]}}