 {"id":4331,"date":"2020-12-08T16:52:04","date_gmt":"2020-12-08T16:52:04","guid":{"rendered":"https:\/\/www.burgmachinefabriek.nl\/assistance\/"},"modified":"2022-06-30T08:59:34","modified_gmt":"2022-06-30T08:59:34","slug":"assistance","status":"publish","type":"page","link":"https:\/\/www.burgmachinefabriek.nl\/fr\/assistance\/","title":{"rendered":"Assistance"},"content":{"rendered":"<div class=\"fusion-panel panel-default\">\n<p>&nbsp;<\/p>\n<h2>BURG EST SYNONYME DE SERVICE DIRECT AVEC LES GENS DU TERRAIN<\/h2>\n<p>&nbsp;<\/p>\n<p><strong>Services<\/strong><\/p>\n<ul>\n<li>Planification de la maintenance pr\u00e9ventive<\/li>\n<li>Vente de pi\u00e8ces d\u00e9tach\u00e9es<\/li>\n<li>Assistance \u00e0 distance par t\u00e9l\u00e9phone ou modem<\/li>\n<li>Assistance via Whatsapp pendant les heures de bureau<\/li>\n<li>Un service d&rsquo;entretien propre qui peut \u00eatre sur place dans les 3 heures (aux Pays-Bas).<\/li>\n<\/ul>\n<p>&nbsp;<\/p>\n<h4><strong>Faites d\u00e9filer vers le bas pour les contacts et l&rsquo;accessibilit\u00e9<\/strong><\/h4>\n<p>&nbsp;<\/p>\n<\/div>\n<div class=\"fusion-panel panel-default\">\n<div class=\"panel-heading\">\n<div class=\"fusion-toggle-icon-wrapper\"><\/div>\n<h4 class=\"panel-title toggle\" data-fontsize=\"14\" data-lineheight=\"20\"><\/h4>\n<\/div>\n<\/div>\n","protected":false},"excerpt":{"rendered":"<p>&nbsp; BURG EST SYNONYME DE SERVICE DIRECT AVEC LES GENS DU TERRAIN &nbsp; Services Planification de la maintenance pr\u00e9ventive Vente de pi\u00e8ces d\u00e9tach\u00e9es Assistance \u00e0 distance par t\u00e9l\u00e9phone ou modem Assistance via Whatsapp pendant les heures de bureau Un service d&rsquo;entretien propre qui peut \u00eatre sur place dans les 3 heures (aux Pays-Bas). &nbsp; Faites [&hellip;]<\/p>\n","protected":false},"author":1,"featured_media":15014,"parent":0,"menu_order":3,"comment_status":"closed","ping_status":"closed","template":"","meta":{"_acf_changed":false,"footnotes":""},"class_list":["post-4331","page","type-page","status-publish","has-post-thumbnail","hentry"],"acf":[],"yoast_head":"<!-- This site is optimized with the Yoast SEO plugin v23.7 - https:\/\/yoast.com\/wordpress\/plugins\/seo\/ -->\n<title>Assistance - Burg Machinery<\/title>\n<meta name=\"robots\" content=\"index, follow, max-snippet:-1, max-image-preview:large, max-video-preview:-1\" \/>\n<link rel=\"canonical\" href=\"https:\/\/www.burgmachinefabriek.nl\/fr\/assistance\/\" \/>\n<meta property=\"og:locale\" content=\"fr_FR\" \/>\n<meta property=\"og:type\" content=\"article\" \/>\n<meta property=\"og:title\" content=\"Assistance - Burg Machinery\" \/>\n<meta property=\"og:description\" content=\"&nbsp; BURG EST SYNONYME DE SERVICE DIRECT AVEC LES GENS DU TERRAIN &nbsp; Services Planification de la maintenance pr\u00e9ventive Vente de pi\u00e8ces d\u00e9tach\u00e9es Assistance \u00e0 distance par t\u00e9l\u00e9phone ou modem Assistance via Whatsapp pendant les heures de bureau Un service d&rsquo;entretien propre qui peut \u00eatre sur place dans les 3 heures (aux Pays-Bas). &nbsp; Faites [&hellip;]\" \/>\n<meta property=\"og:url\" content=\"https:\/\/www.burgmachinefabriek.nl\/fr\/assistance\/\" \/>\n<meta property=\"og:site_name\" content=\"Burg Machinery\" \/>\n<meta property=\"article:modified_time\" content=\"2022-06-30T08:59:34+00:00\" \/>\n<meta property=\"og:image\" content=\"https:\/\/www.burgmachinefabriek.nl\/wp-content\/uploads\/2022\/05\/DSF9121.jpg\" \/>\n\t<meta property=\"og:image:width\" content=\"1920\" \/>\n\t<meta property=\"og:image:height\" content=\"1280\" \/>\n\t<meta property=\"og:image:type\" content=\"image\/jpeg\" \/>\n<meta name=\"twitter:card\" content=\"summary_large_image\" \/>\n<script type=\"application\/ld+json\" class=\"yoast-schema-graph\">{\"@context\":\"https:\/\/schema.org\",\"@graph\":[{\"@type\":\"WebPage\",\"@id\":\"https:\/\/www.burgmachinefabriek.nl\/fr\/assistance\/\",\"url\":\"https:\/\/www.burgmachinefabriek.nl\/fr\/assistance\/\",\"name\":\"Assistance - Burg Machinery\",\"isPartOf\":{\"@id\":\"https:\/\/www.burgmachinefabriek.nl\/fr\/#website\"},\"primaryImageOfPage\":{\"@id\":\"https:\/\/www.burgmachinefabriek.nl\/fr\/assistance\/#primaryimage\"},\"image\":{\"@id\":\"https:\/\/www.burgmachinefabriek.nl\/fr\/assistance\/#primaryimage\"},\"thumbnailUrl\":\"https:\/\/www.burgmachinefabriek.nl\/wp-content\/uploads\/2022\/05\/DSF9121.jpg\",\"datePublished\":\"2020-12-08T16:52:04+00:00\",\"dateModified\":\"2022-06-30T08:59:34+00:00\",\"breadcrumb\":{\"@id\":\"https:\/\/www.burgmachinefabriek.nl\/fr\/assistance\/#breadcrumb\"},\"inLanguage\":\"fr-FR\",\"potentialAction\":[{\"@type\":\"ReadAction\",\"target\":[\"https:\/\/www.burgmachinefabriek.nl\/fr\/assistance\/\"]}]},{\"@type\":\"ImageObject\",\"inLanguage\":\"fr-FR\",\"@id\":\"https:\/\/www.burgmachinefabriek.nl\/fr\/assistance\/#primaryimage\",\"url\":\"https:\/\/www.burgmachinefabriek.nl\/wp-content\/uploads\/2022\/05\/DSF9121.jpg\",\"contentUrl\":\"https:\/\/www.burgmachinefabriek.nl\/wp-content\/uploads\/2022\/05\/DSF9121.jpg\",\"width\":1920,\"height\":1280},{\"@type\":\"BreadcrumbList\",\"@id\":\"https:\/\/www.burgmachinefabriek.nl\/fr\/assistance\/#breadcrumb\",\"itemListElement\":[{\"@type\":\"ListItem\",\"position\":1,\"name\":\"Home\",\"item\":\"https:\/\/www.burgmachinefabriek.nl\/fr\/\"},{\"@type\":\"ListItem\",\"position\":2,\"name\":\"Assistance\"}]},{\"@type\":\"WebSite\",\"@id\":\"https:\/\/www.burgmachinefabriek.nl\/fr\/#website\",\"url\":\"https:\/\/www.burgmachinefabriek.nl\/fr\/\",\"name\":\"Burg Machinery\",\"description\":\"\",\"potentialAction\":[{\"@type\":\"SearchAction\",\"target\":{\"@type\":\"EntryPoint\",\"urlTemplate\":\"https:\/\/www.burgmachinefabriek.nl\/fr\/?s={search_term_string}\"},\"query-input\":{\"@type\":\"PropertyValueSpecification\",\"valueRequired\":true,\"valueName\":\"search_term_string\"}}],\"inLanguage\":\"fr-FR\"}]}<\/script>\n<!-- \/ Yoast SEO plugin. -->","yoast_head_json":{"title":"Assistance - Burg Machinery","robots":{"index":"index","follow":"follow","max-snippet":"max-snippet:-1","max-image-preview":"max-image-preview:large","max-video-preview":"max-video-preview:-1"},"canonical":"https:\/\/www.burgmachinefabriek.nl\/fr\/assistance\/","og_locale":"fr_FR","og_type":"article","og_title":"Assistance - Burg Machinery","og_description":"&nbsp; BURG EST SYNONYME DE SERVICE DIRECT AVEC LES GENS DU TERRAIN &nbsp; Services Planification de la maintenance pr\u00e9ventive Vente de pi\u00e8ces d\u00e9tach\u00e9es Assistance \u00e0 distance par t\u00e9l\u00e9phone ou modem Assistance via Whatsapp pendant les heures de bureau Un service d&rsquo;entretien propre qui peut \u00eatre sur place dans les 3 heures (aux Pays-Bas). &nbsp; Faites [&hellip;]","og_url":"https:\/\/www.burgmachinefabriek.nl\/fr\/assistance\/","og_site_name":"Burg Machinery","article_modified_time":"2022-06-30T08:59:34+00:00","og_image":[{"width":1920,"height":1280,"url":"https:\/\/www.burgmachinefabriek.nl\/wp-content\/uploads\/2022\/05\/DSF9121.jpg","type":"image\/jpeg"}],"twitter_card":"summary_large_image","schema":{"@context":"https:\/\/schema.org","@graph":[{"@type":"WebPage","@id":"https:\/\/www.burgmachinefabriek.nl\/fr\/assistance\/","url":"https:\/\/www.burgmachinefabriek.nl\/fr\/assistance\/","name":"Assistance - Burg Machinery","isPartOf":{"@id":"https:\/\/www.burgmachinefabriek.nl\/fr\/#website"},"primaryImageOfPage":{"@id":"https:\/\/www.burgmachinefabriek.nl\/fr\/assistance\/#primaryimage"},"image":{"@id":"https:\/\/www.burgmachinefabriek.nl\/fr\/assistance\/#primaryimage"},"thumbnailUrl":"https:\/\/www.burgmachinefabriek.nl\/wp-content\/uploads\/2022\/05\/DSF9121.jpg","datePublished":"2020-12-08T16:52:04+00:00","dateModified":"2022-06-30T08:59:34+00:00","breadcrumb":{"@id":"https:\/\/www.burgmachinefabriek.nl\/fr\/assistance\/#breadcrumb"},"inLanguage":"fr-FR","potentialAction":[{"@type":"ReadAction","target":["https:\/\/www.burgmachinefabriek.nl\/fr\/assistance\/"]}]},{"@type":"ImageObject","inLanguage":"fr-FR","@id":"https:\/\/www.burgmachinefabriek.nl\/fr\/assistance\/#primaryimage","url":"https:\/\/www.burgmachinefabriek.nl\/wp-content\/uploads\/2022\/05\/DSF9121.jpg","contentUrl":"https:\/\/www.burgmachinefabriek.nl\/wp-content\/uploads\/2022\/05\/DSF9121.jpg","width":1920,"height":1280},{"@type":"BreadcrumbList","@id":"https:\/\/www.burgmachinefabriek.nl\/fr\/assistance\/#breadcrumb","itemListElement":[{"@type":"ListItem","position":1,"name":"Home","item":"https:\/\/www.burgmachinefabriek.nl\/fr\/"},{"@type":"ListItem","position":2,"name":"Assistance"}]},{"@type":"WebSite","@id":"https:\/\/www.burgmachinefabriek.nl\/fr\/#website","url":"https:\/\/www.burgmachinefabriek.nl\/fr\/","name":"Burg Machinery","description":"","potentialAction":[{"@type":"SearchAction","target":{"@type":"EntryPoint","urlTemplate":"https:\/\/www.burgmachinefabriek.nl\/fr\/?s={search_term_string}"},"query-input":{"@type":"PropertyValueSpecification","valueRequired":true,"valueName":"search_term_string"}}],"inLanguage":"fr-FR"}]}},"_links":{"self":[{"href":"https:\/\/www.burgmachinefabriek.nl\/fr\/wp-json\/wp\/v2\/pages\/4331"}],"collection":[{"href":"https:\/\/www.burgmachinefabriek.nl\/fr\/wp-json\/wp\/v2\/pages"}],"about":[{"href":"https:\/\/www.burgmachinefabriek.nl\/fr\/wp-json\/wp\/v2\/types\/page"}],"author":[{"embeddable":true,"href":"https:\/\/www.burgmachinefabriek.nl\/fr\/wp-json\/wp\/v2\/users\/1"}],"replies":[{"embeddable":true,"href":"https:\/\/www.burgmachinefabriek.nl\/fr\/wp-json\/wp\/v2\/comments?post=4331"}],"version-history":[{"count":0,"href":"https:\/\/www.burgmachinefabriek.nl\/fr\/wp-json\/wp\/v2\/pages\/4331\/revisions"}],"wp:featuredmedia":[{"embeddable":true,"href":"https:\/\/www.burgmachinefabriek.nl\/fr\/wp-json\/wp\/v2\/media\/15014"}],"wp:attachment":[{"href":"https:\/\/www.burgmachinefabriek.nl\/fr\/wp-json\/wp\/v2\/media?parent=4331"}],"curies":[{"name":"wp","href":"https:\/\/api.w.org\/{rel}","templated":true}]}}