 {"id":4341,"date":"2020-12-08T16:52:04","date_gmt":"2020-12-08T16:52:04","guid":{"rendered":"https:\/\/www.burgmachinefabriek.nl\/politique-de-confidentialite\/"},"modified":"2022-10-17T14:18:56","modified_gmt":"2022-10-17T14:18:56","slug":"politique-de-confidentialite","status":"publish","type":"page","link":"https:\/\/www.burgmachinefabriek.nl\/fr\/politique-de-confidentialite\/","title":{"rendered":"Politique de confidentialit\u00e9"},"content":{"rendered":"<p>Burg Machinefabriek respecte la vie priv\u00e9e de tous les utilisateurs de son site et veille \u00e0 ce que les informations personnelles que vous fournissez soient toujours trait\u00e9es de mani\u00e8re confidentielle. Nous n\u2019utilisons vos donn\u00e9es que pour assurer les services que vous avez demand\u00e9s.<\/p>\n<p>Vos informations personnelles\u00a0:<br \/>\nNous ne mettrons pas vos informations personnelles \u00e0 la disposition de tiers sans votre consentement. Nous appr\u00e9cions la confiance que vous nous accordez et ferons tout ce qui est en notre pouvoir pour prot\u00e9ger vos informations personnelles. Les donn\u00e9es personnelles qui nous sont transmises par l\u2019interm\u00e9diaire de notre site Web sont constitu\u00e9es d\u2019informations provenant de formulaires du site Web que vous compl\u00e9tez \u00e9ventuellement sur le site et d\u2019informations provenant de cookies. Ces informations personnelles ne sont utilis\u00e9es que pour les services pour lesquels vous nous les confiez et vous avez le droit de demander \u00e0 consulter, de faire modifier ou de faire supprimer ces informations. Vous pouvez le faire en envoyant un e-mail \u00e0 info@burgmachinery.com contenant votre demande de consultation, de modification ou de suppression.<\/p>\n<p>La l\u00e9gislation RGPD oblige chaque site Web \u00e0 vous informer sur l\u2019utilisation de vos donn\u00e9es personnelles. L\u2019autorisation doit \u00e9galement \u00eatre demand\u00e9e pour l\u2019utilisation sp\u00e9cifique des cookies. Nous avons conscience de la g\u00eane que cela peut occasionner et nous nous excusons par avance. www.burg-machinefabriek.nl utilise des cookies et d&rsquo;autres technologies pour accro\u00eetre votre confort d&rsquo;utilisation en ligne et pour v\u00e9rifier la mani\u00e8re dont le site est utilis\u00e9, afin que de pouvoir am\u00e9liorer la qualit\u00e9 de nos services sur cette base. Ces cookies se composent de cookies fonctionnels destin\u00e9s \u00e0 assurer le bon fonctionnement de ce site web, de cookies analytiques qui nous permettent de mesurer l&rsquo;utilisation du site web et de cookies de r\u00e9seaux sociaux pour le partage d&rsquo;informations sur les r\u00e9seaux sociaux. Lorsque vous visitez notre site web ou utilisez certains de nos produits, les serveurs enregistrent automatiquement des informations telles que l&rsquo;URL, l&rsquo;adresse IP, le type de navigateur et la langue, ainsi que la date et l&rsquo;heure de votre visite.<\/p>\n<p>Pourquoi des cookies\u00a0?<br \/>\nNous pla\u00e7ons des cookies sp\u00e9cifiques pour augmenter la facilit\u00e9 d\u2019utilisation pour les visiteurs. Ils aident \u00e0 la fonctionnalit\u00e9 et sont destin\u00e9s \u00e0 obtenir un aper\u00e7u du fonctionnement et de l\u2019efficacit\u00e9 des sites Web.<\/p>\n<p>Cela nous permet de rendre le site visit\u00e9 aussi convivial et int\u00e9ressant que possible pour le visiteur. Aucune donn\u00e9e n&rsquo;est collect\u00e9e qui puisse \u00eatre utilis\u00e9e pour suivre les utilisateurs individuels.<\/p>\n<p>Cookies fonctionnels<\/p>\n<p>Ce site Web utilise des cookies pour s\u2019assurer qu\u2019il fonctionne correctement. Ainsi, nous utilisons des cookies pour\u00a0:<\/p>\n<p>enregistrer des informations que vous remplissez sur les diff\u00e9rentes pages, afin de ne pas avoir \u00e0 remplir toutes vos donn\u00e9es \u00e0 chaque fois.<br \/>\nfaire passer les informations d&rsquo;une page \u00e0 l&rsquo;autre, par exemple si une longue enqu\u00eate est compl\u00e9t\u00e9e ou si vous devez remplir un grand nombre de donn\u00e9es lors d&rsquo;une commande en ligne<br \/>\nla sauvegarde des pr\u00e9f\u00e9rences, telles que la langue, le lieu, le nombre de r\u00e9sultats de recherche \u00e0 afficher, etc.<br \/>\nla sauvegarde des param\u00e8tres pour une lecture vid\u00e9o optimale, tels que la taille de la m\u00e9moire tampon souhait\u00e9e et les donn\u00e9es de r\u00e9solution de votre \u00e9cran<br \/>\nla lecture des param\u00e8tres de votre navigateur afin de pouvoir afficher notre site web de mani\u00e8re optimale sur votre \u00e9cran<br \/>\nd\u00e9tecter les abus de notre site web et de nos services, par exemple, en enregistrant un certain nombre d&rsquo;\u00e9checs cons\u00e9cutifs de tentatives de connexion<br \/>\nle chargement r\u00e9gulier du site, afin que le site reste accessible<br \/>\noffrir la possibilit\u00e9 de sauvegarder les donn\u00e9es de connexion, afin de ne pas avoir \u00e0 les saisir \u00e0 chaque fois. Les cookies de connexion sont valables pendant 2 jours et les cookies d&rsquo;affichage \u00e0 l&rsquo;\u00e9cran pendant 1 an. Si vous s\u00e9lectionnez \u00ab\u00a0Se souvenir de moi\u00a0\u00bb, votre identifiant sera conserv\u00e9 pendant deux semaines. D\u00e8s que vous vous d\u00e9connectez de votre compte, les cookies de connexion sont supprim\u00e9s.<br \/>\nd\u00e9terminer si votre navigateur accepte les cookies. \u00c0 cet effet, nous stockons un cookie temporaire qui ne contient pas d\u2019informations personnelles et qui est supprim\u00e9 d\u00e8s que vous fermez votre navigateur<br \/>\npermettre de laisser des commentaires sur nos sites Web. Lorsque vous laissez un commentaire sur le site, nous recueillons les donn\u00e9es indiqu\u00e9es dans le formulaire de r\u00e9ponse, l\u2019adresse IP du visiteur et l\u2019agent utilisateur du navigateur pour aider \u00e0 d\u00e9tecter les spams. Lorsque vous modifiez ou publiez un message, votre navigateur enregistre un cookie suppl\u00e9mentaire. Ce cookie ne contient pas de donn\u00e9es personnelles et ne contient que l\u2019ID de publication de l\u2019article que vous avez modifi\u00e9. Ce cookie expire au bout d\u2019une journ\u00e9e.<br \/>\nl&rsquo;affichage des photos de profil du service gravatar. Une cha\u00eene anonyme, cr\u00e9\u00e9e \u00e0 partir de votre adresse \u00e9lectronique (\u00e9galement appel\u00e9e \u00ab\u00a0hash\u00a0\u00bb) peut \u00eatre envoy\u00e9e au service Gravatar si vous l&rsquo;utilisez. Vous pouvez trouver la page de la politique de confidentialit\u00e9 de gravatar ici\u00a0: https:\/\/automattic.com\/privacy\/. Une fois votre commentaire approuv\u00e9, votre photo de profil sera visible publiquement dans le contexte de votre commentaire.<br \/>\nLorsque vous \u00eates un utilisateur enregistr\u00e9 et que vous t\u00e9l\u00e9chargez des images sur le site, vous devez \u00e9viter de t\u00e9l\u00e9charger des images contenant des donn\u00e9es de localisation GPS EXIF. Les visiteurs du site Web peuvent t\u00e9l\u00e9charger les images \u00e0 partir du site Web et afficher les donn\u00e9es de localisation.<\/p>\n<p>Cookies analytiques pour les statistiques Web<br \/>\nPour d\u00e9terminer quelles parties du site web sont les plus int\u00e9ressantes pour nos visiteurs, nous essayons de mesurer continuellement \u00e0 l\u2019aide du logiciel de Google Analytics combien de visiteurs viennent sur notre site Web et quelles parties du site sont vues le plus. Le partage d&rsquo;informations est d\u00e9sactiv\u00e9 dans les param\u00e8tres de Google Analytics et les IP des visiteurs sont anonymis\u00e9es.<\/p>\n<p>Des statistiques sont \u00e9tablies \u00e0 partir des informations que nous recueillons de cette mani\u00e8re. Ces statistiques nous donnent un aper\u00e7u de la fr\u00e9quence \u00e0 laquelle nos pages Web sont visit\u00e9es, o\u00f9 les visiteurs passent le plus de temps, et ainsi de suite. Cela nous permet de rendre la structure, la navigation et le contenu du site aussi convivial et optimal que possible. Les statistiques et autres rapports ne permettent pas de remonter jusqu&rsquo;aux personnes.<\/p>\n<p>Nous utilisons des cookies, entre autres, pour\u00a0:<\/p>\n<p>suivre le nombre de visiteurs de nos pages web<br \/>\nconserver une trace du temps que chaque visiteur passe sur nos pages web, les visiteurs ne peuvent pas \u00eatre identifi\u00e9s de mani\u00e8re unique<br \/>\nd\u00e9terminer l&rsquo;ordre dans lequel un visiteur visite les diff\u00e9rentes pages de notre site<br \/>\n\u00e9valuer quelles parties de notre site doivent \u00eatre modifi\u00e9es<br \/>\nl&rsquo;optimisation du site Web<br \/>\nles cookies des m\u00e9dias sociaux et le contenu int\u00e9gr\u00e9 d&rsquo;autres sites web<br \/>\nles messages sur ce site peuvent contenir des contenus int\u00e9gr\u00e9s (par exemple des vid\u00e9os, des images, des messages etc.). Le contenu int\u00e9gr\u00e9 d\u2019autres sites Web se comporte exactement de la m\u00eame fa\u00e7on que si le visiteur avait visit\u00e9 cet autre site Web. Ces sites web peuvent collecter des donn\u00e9es vous concernant, utiliser des cookies, int\u00e9grer le suivi de tiers et surveiller votre interaction avec ces contenus int\u00e9gr\u00e9s, y compris l&rsquo;interaction avec les contenus int\u00e9gr\u00e9s si vous avez un compte et \u00eates connect\u00e9 \u00e0 ce site Web.<\/p>\n<p>Nous utilisons le suivi via LeadInfo, lisez la d\u00e9claration de confidentialit\u00e9 et de cookies ici : <a href=\"https:\/\/www.leadinfo.com\/en\/privacy\/\">Privacy Policy \u2013 Leadinfo<\/a><\/p>\n<p>Les plug-ins de r\u00e9seaux sociaux avec lesquels il est possible de partager le contenu de ce site via les r\u00e9seaux sociaux au moyen de boutons en sont un exemple. Pour que ces boutons puissent fonctionner, des cookies de r\u00e9seaux sociaux sont utilis\u00e9s, afin qu&rsquo;ils vous reconnaissent lorsque vous souhaitez partager un article ou une vid\u00e9o.<\/p>\n<p>Par cons\u00e9quent, il est possible que les utilisateurs connect\u00e9s \u00e0 des sites de r\u00e9seaux sociaux (par exemple, Twitter ou Facebook) puissent partager certains contenus de notre site web directement sur ces sites. Pour les cookies plac\u00e9s par les r\u00e9seaux sociaux et d&rsquo;autres sites web avec un contenu int\u00e9gr\u00e9 et les \u00e9ventuelles donn\u00e9es qu&rsquo;ils collectent, nous nous r\u00e9f\u00e9rons \u00e9galement aux d\u00e9clarations faites par ces parties sur leurs propres sites Web ; voir les liens ci-dessous. Notez que ces d\u00e9clarations peuvent changer r\u00e9guli\u00e8rement. Burg Machinefabriek n\u2019a aucune influence l\u00e0-dessus.<\/p>\n<p>Facebook (https:\/\/www.facebook.com\/policies\/cookies\/)<br \/>\nGoogle+ \/ Youtube (https:\/\/policies.google.com\/privacy?hl=nl)<br \/>\nTwitter (https:\/\/twitter.com\/en\/privacy)<br \/>\nInstagram (https:\/\/help.instagram.com\/1896641480634370?ref=ig)<br \/>\nCookies publicitaires<br \/>\nCookies qui permettent \u00e0 la publicit\u00e9 d\u2019\u00eatre adapt\u00e9e \u00e0 vos pr\u00e9f\u00e9rences en ligne. Nous n&rsquo;utilisons pas de cookies publicitaires sur ce site Web.<\/p>\n<p>D\u00e9sactivation des cookies<br \/>\nSi vous souhaitez d\u00e9sactiver les cookies, vous pouvez le faire via votre navigateur. Des informations plus d\u00e9taill\u00e9es sur la gestion des cookies avec des navigateurs Web sp\u00e9cifiques peuvent \u00eatre trouv\u00e9es sur les navigateurs concernant les sites Web.<\/p>\n<p>Internet Explorer<br \/>\nGoogle Chrome<br \/>\nFirefox<br \/>\nSafari<br \/>\nPour finir<br \/>\nLa politique ci-dessus concernant les donn\u00e9es personnelles se rapporte uniquement aux donn\u00e9es collect\u00e9es via ce site. Il est possible que des informations personnelles vous concernant soient \u00e9galement incluses dans les registres d&rsquo;entreprise de Burg Machinefabriek. Ces donn\u00e9es sont compl\u00e8tement s\u00e9par\u00e9es de ce site web et des donn\u00e9es personnelles sur ce site Web. Si vous souhaitez obtenir plus d&rsquo;informations sur vos donn\u00e9es personnelles qui figurent dans les registres de l&rsquo;entreprise, veuillez envoyer un courriel \u00e0 info@burgmachinery.com.<\/p>\n<p>Vous avez des suggestions, des remarques ou des questions concernant notre politique en mati\u00e8re de protection de la vie priv\u00e9e\u00a0? Dans ce cas, envoyez un e-mail \u00e0 info@burgmachinery.com.<\/p>\n<p>&nbsp;<\/p>\n","protected":false},"excerpt":{"rendered":"<p>Burg Machinefabriek respecte la vie priv\u00e9e de tous les utilisateurs de son site et veille \u00e0 ce que les informations personnelles que vous fournissez soient toujours trait\u00e9es de mani\u00e8re confidentielle. Nous n\u2019utilisons vos donn\u00e9es que pour assurer les services que vous avez demand\u00e9s. Vos informations personnelles\u00a0: Nous ne mettrons pas vos informations personnelles \u00e0 la [&hellip;]<\/p>\n","protected":false},"author":1,"featured_media":0,"parent":0,"menu_order":9,"comment_status":"closed","ping_status":"closed","template":"","meta":{"_acf_changed":false,"footnotes":""},"class_list":["post-4341","page","type-page","status-publish","hentry"],"acf":[],"yoast_head":"<!-- This site is optimized with the Yoast SEO plugin v23.7 - https:\/\/yoast.com\/wordpress\/plugins\/seo\/ -->\n<title>Politique de confidentialit\u00e9 - Burg Machinery<\/title>\n<meta name=\"robots\" content=\"index, follow, max-snippet:-1, max-image-preview:large, max-video-preview:-1\" \/>\n<link rel=\"canonical\" href=\"https:\/\/www.burgmachinefabriek.nl\/fr\/politique-de-confidentialite\/\" \/>\n<meta property=\"og:locale\" content=\"fr_FR\" \/>\n<meta property=\"og:type\" content=\"article\" \/>\n<meta property=\"og:title\" content=\"Politique de confidentialit\u00e9 - Burg Machinery\" \/>\n<meta property=\"og:description\" content=\"Burg Machinefabriek respecte la vie priv\u00e9e de tous les utilisateurs de son site et veille \u00e0 ce que les informations personnelles que vous fournissez soient toujours trait\u00e9es de mani\u00e8re confidentielle. Nous n\u2019utilisons vos donn\u00e9es que pour assurer les services que vous avez demand\u00e9s. Vos informations personnelles\u00a0: Nous ne mettrons pas vos informations personnelles \u00e0 la [&hellip;]\" \/>\n<meta property=\"og:url\" content=\"https:\/\/www.burgmachinefabriek.nl\/fr\/politique-de-confidentialite\/\" \/>\n<meta property=\"og:site_name\" content=\"Burg Machinery\" \/>\n<meta property=\"article:modified_time\" content=\"2022-10-17T14:18:56+00:00\" \/>\n<meta name=\"twitter:card\" content=\"summary_large_image\" \/>\n<meta name=\"twitter:label1\" content=\"Dur\u00e9e de lecture estim\u00e9e\" \/>\n\t<meta name=\"twitter:data1\" content=\"8 minutes\" \/>\n<script type=\"application\/ld+json\" class=\"yoast-schema-graph\">{\"@context\":\"https:\/\/schema.org\",\"@graph\":[{\"@type\":\"WebPage\",\"@id\":\"https:\/\/www.burgmachinefabriek.nl\/fr\/politique-de-confidentialite\/\",\"url\":\"https:\/\/www.burgmachinefabriek.nl\/fr\/politique-de-confidentialite\/\",\"name\":\"Politique de confidentialit\u00e9 - Burg Machinery\",\"isPartOf\":{\"@id\":\"https:\/\/www.burgmachinefabriek.nl\/fr\/#website\"},\"datePublished\":\"2020-12-08T16:52:04+00:00\",\"dateModified\":\"2022-10-17T14:18:56+00:00\",\"breadcrumb\":{\"@id\":\"https:\/\/www.burgmachinefabriek.nl\/fr\/politique-de-confidentialite\/#breadcrumb\"},\"inLanguage\":\"fr-FR\",\"potentialAction\":[{\"@type\":\"ReadAction\",\"target\":[\"https:\/\/www.burgmachinefabriek.nl\/fr\/politique-de-confidentialite\/\"]}]},{\"@type\":\"BreadcrumbList\",\"@id\":\"https:\/\/www.burgmachinefabriek.nl\/fr\/politique-de-confidentialite\/#breadcrumb\",\"itemListElement\":[{\"@type\":\"ListItem\",\"position\":1,\"name\":\"Home\",\"item\":\"https:\/\/www.burgmachinefabriek.nl\/fr\/\"},{\"@type\":\"ListItem\",\"position\":2,\"name\":\"Politique de confidentialit\u00e9\"}]},{\"@type\":\"WebSite\",\"@id\":\"https:\/\/www.burgmachinefabriek.nl\/fr\/#website\",\"url\":\"https:\/\/www.burgmachinefabriek.nl\/fr\/\",\"name\":\"Burg Machinery\",\"description\":\"\",\"potentialAction\":[{\"@type\":\"SearchAction\",\"target\":{\"@type\":\"EntryPoint\",\"urlTemplate\":\"https:\/\/www.burgmachinefabriek.nl\/fr\/?s={search_term_string}\"},\"query-input\":{\"@type\":\"PropertyValueSpecification\",\"valueRequired\":true,\"valueName\":\"search_term_string\"}}],\"inLanguage\":\"fr-FR\"}]}<\/script>\n<!-- \/ Yoast SEO plugin. -->","yoast_head_json":{"title":"Politique de confidentialit\u00e9 - Burg Machinery","robots":{"index":"index","follow":"follow","max-snippet":"max-snippet:-1","max-image-preview":"max-image-preview:large","max-video-preview":"max-video-preview:-1"},"canonical":"https:\/\/www.burgmachinefabriek.nl\/fr\/politique-de-confidentialite\/","og_locale":"fr_FR","og_type":"article","og_title":"Politique de confidentialit\u00e9 - Burg Machinery","og_description":"Burg Machinefabriek respecte la vie priv\u00e9e de tous les utilisateurs de son site et veille \u00e0 ce que les informations personnelles que vous fournissez soient toujours trait\u00e9es de mani\u00e8re confidentielle. Nous n\u2019utilisons vos donn\u00e9es que pour assurer les services que vous avez demand\u00e9s. Vos informations personnelles\u00a0: Nous ne mettrons pas vos informations personnelles \u00e0 la [&hellip;]","og_url":"https:\/\/www.burgmachinefabriek.nl\/fr\/politique-de-confidentialite\/","og_site_name":"Burg Machinery","article_modified_time":"2022-10-17T14:18:56+00:00","twitter_card":"summary_large_image","twitter_misc":{"Dur\u00e9e de lecture estim\u00e9e":"8 minutes"},"schema":{"@context":"https:\/\/schema.org","@graph":[{"@type":"WebPage","@id":"https:\/\/www.burgmachinefabriek.nl\/fr\/politique-de-confidentialite\/","url":"https:\/\/www.burgmachinefabriek.nl\/fr\/politique-de-confidentialite\/","name":"Politique de confidentialit\u00e9 - Burg Machinery","isPartOf":{"@id":"https:\/\/www.burgmachinefabriek.nl\/fr\/#website"},"datePublished":"2020-12-08T16:52:04+00:00","dateModified":"2022-10-17T14:18:56+00:00","breadcrumb":{"@id":"https:\/\/www.burgmachinefabriek.nl\/fr\/politique-de-confidentialite\/#breadcrumb"},"inLanguage":"fr-FR","potentialAction":[{"@type":"ReadAction","target":["https:\/\/www.burgmachinefabriek.nl\/fr\/politique-de-confidentialite\/"]}]},{"@type":"BreadcrumbList","@id":"https:\/\/www.burgmachinefabriek.nl\/fr\/politique-de-confidentialite\/#breadcrumb","itemListElement":[{"@type":"ListItem","position":1,"name":"Home","item":"https:\/\/www.burgmachinefabriek.nl\/fr\/"},{"@type":"ListItem","position":2,"name":"Politique de confidentialit\u00e9"}]},{"@type":"WebSite","@id":"https:\/\/www.burgmachinefabriek.nl\/fr\/#website","url":"https:\/\/www.burgmachinefabriek.nl\/fr\/","name":"Burg Machinery","description":"","potentialAction":[{"@type":"SearchAction","target":{"@type":"EntryPoint","urlTemplate":"https:\/\/www.burgmachinefabriek.nl\/fr\/?s={search_term_string}"},"query-input":{"@type":"PropertyValueSpecification","valueRequired":true,"valueName":"search_term_string"}}],"inLanguage":"fr-FR"}]}},"_links":{"self":[{"href":"https:\/\/www.burgmachinefabriek.nl\/fr\/wp-json\/wp\/v2\/pages\/4341"}],"collection":[{"href":"https:\/\/www.burgmachinefabriek.nl\/fr\/wp-json\/wp\/v2\/pages"}],"about":[{"href":"https:\/\/www.burgmachinefabriek.nl\/fr\/wp-json\/wp\/v2\/types\/page"}],"author":[{"embeddable":true,"href":"https:\/\/www.burgmachinefabriek.nl\/fr\/wp-json\/wp\/v2\/users\/1"}],"replies":[{"embeddable":true,"href":"https:\/\/www.burgmachinefabriek.nl\/fr\/wp-json\/wp\/v2\/comments?post=4341"}],"version-history":[{"count":0,"href":"https:\/\/www.burgmachinefabriek.nl\/fr\/wp-json\/wp\/v2\/pages\/4341\/revisions"}],"wp:attachment":[{"href":"https:\/\/www.burgmachinefabriek.nl\/fr\/wp-json\/wp\/v2\/media?parent=4341"}],"curies":[{"name":"wp","href":"https:\/\/api.w.org\/{rel}","templated":true}]}}